{"id":17288,"date":"2020-02-04T12:52:55","date_gmt":"2020-02-04T11:52:55","guid":{"rendered":"https:\/\/www.leila-khrapunova.com\/?page_id=17288"},"modified":"2020-02-04T14:16:55","modified_gmt":"2020-02-04T13:16:55","slug":"conditions-d-utilisation-du-contenu","status":"publish","type":"page","link":"https:\/\/www.leila-khrapunova.com\/fr\/conditions-d-utilisation-du-contenu\/","title":{"rendered":"Conditions d&rsquo;utilisation du contenu"},"content":{"rendered":"\n<h5 class=\"wp-block-heading\">L\u2019utilisation du contenu du site www.leila-khrapunova.com est soumise aux conditions ci-apr\u00e8s :<\/h5>\n\n\n\n<ol>\n<li>Il est interdit d\u2019apporter des changements ou des rectifications au texte sans accord de l\u2019auteur<\/li>\n<li>Il est autoris\u00e9 de citer partiellement (de fa\u00e7on justifi\u00e9e) ou totalement le contenu, \u00e0 la condition expresse d\u2019indiquer le nom de l\u2019auteur, la date et le lien direct de la publication<br \/>Le lien doit pointer non pas vers la page d\u2019accueil du site mais vers la publication cit\u00e9e, et la longueur du texte du lien ne doit pas \u00eatre inf\u00e9rieure au texte de la publication<br \/>Le lien doit \u00eatre actif et indexable. Il est interdit d\u2019utiliser les tags et attributs noindex, nofollow<\/li>\n<li>En cas de citation du contenu dans des publications de presse, doivent \u00eatre cit\u00e9s le nom de l\u2019auteur, le titre de la publication et l\u2019adresse de la page d\u2019accueil du site www.leila-khrapunova.com<\/li>\n<li>En cas de citation \u00e0 la radio ou \u00e0 la t\u00e9l\u00e9vision, il convient imp\u00e9rativement de citer la source de l\u2019information :<br \/>\u00ab Site www.leila-khrapunova.com, auteur Le\u00efla Khrapunova \u00bb<\/li>\n<li>Tous droits de publication r\u00e9serv\u00e9s par l\u2019auteur. L\u2019auteur des textes est Le\u00efla Khrapunova (\u00e0 l\u2019exception de passages clairement indiqu\u00e9s)<\/li>\n<\/ol>\n","protected":false},"excerpt":{"rendered":"<p>L\u2019utilisation du contenu du site www.leila-khrapunova.com est soumise aux conditions ci-apr\u00e8s : Il est interdit d\u2019apporter des changements ou des rectifications au texte sans accord de l\u2019auteur Il est autoris\u00e9 de citer partiellement (de fa\u00e7on justifi\u00e9e) ou totalement le contenu, \u00e0 la condition expresse d\u2019indiquer le nom de l\u2019auteur, la date et le lien direct [&hellip;]<\/p>\n","protected":false},"author":5,"featured_media":0,"parent":0,"menu_order":0,"comment_status":"closed","ping_status":"closed","template":"","meta":{"footnotes":""},"class_list":["post-17288","page","type-page","status-publish","hentry"],"_links":{"self":[{"href":"https:\/\/www.leila-khrapunova.com\/fr\/wp-json\/wp\/v2\/pages\/17288"}],"collection":[{"href":"https:\/\/www.leila-khrapunova.com\/fr\/wp-json\/wp\/v2\/pages"}],"about":[{"href":"https:\/\/www.leila-khrapunova.com\/fr\/wp-json\/wp\/v2\/types\/page"}],"author":[{"embeddable":true,"href":"https:\/\/www.leila-khrapunova.com\/fr\/wp-json\/wp\/v2\/users\/5"}],"replies":[{"embeddable":true,"href":"https:\/\/www.leila-khrapunova.com\/fr\/wp-json\/wp\/v2\/comments?post=17288"}],"version-history":[{"count":1,"href":"https:\/\/www.leila-khrapunova.com\/fr\/wp-json\/wp\/v2\/pages\/17288\/revisions"}],"predecessor-version":[{"id":17289,"href":"https:\/\/www.leila-khrapunova.com\/fr\/wp-json\/wp\/v2\/pages\/17288\/revisions\/17289"}],"wp:attachment":[{"href":"https:\/\/www.leila-khrapunova.com\/fr\/wp-json\/wp\/v2\/media?parent=17288"}],"curies":[{"name":"wp","href":"https:\/\/api.w.org\/{rel}","templated":true}]}}